{"id":409,"date":"2019-02-27T14:52:38","date_gmt":"2019-02-27T13:52:38","guid":{"rendered":"http:\/\/consuladobarcelona.gob.ve\/webalterna\/?page_id=409"},"modified":"2019-03-20T10:27:35","modified_gmt":"2019-03-20T09:27:35","slug":"informacion-importante-prorrogas-de-pasaporte","status":"publish","type":"page","link":"https:\/\/consuladobarcelona.gob.ve\/webalterna\/informacion-importante-prorrogas-de-pasaporte\/","title":{"rendered":"\u00a1AVISO IMPORTANTE!"},"content":{"rendered":"<p><img loading=\"lazy\" decoding=\"async\" class=\"wp-image-348 aligncenter\" src=\"http:\/\/consuladobarcelona.gob.ve\/webalterna\/wp-content\/uploads\/2019\/02\/atencion.png\" alt=\"\" width=\"132\" height=\"132\" srcset=\"https:\/\/consuladobarcelona.gob.ve\/webalterna\/wp-content\/uploads\/2019\/02\/atencion.png 256w, https:\/\/consuladobarcelona.gob.ve\/webalterna\/wp-content\/uploads\/2019\/02\/atencion-150x150.png 150w\" sizes=\"auto, (max-width: 132px) 100vw, 132px\" \/><\/p>\n<p>Se informa a las\/los ciudadanas\/os residentes en nuestra circunscripci\u00f3n que han recibido un correo electr\u00f3nico del SAIME informando que su pr\u00f3rroga \u00abha sido recibida en oficina para su respectiva entrega\u00bb, que NO se han recibido pr\u00f3rrogas desde el mes de diciembre en esta misi\u00f3n consular.<\/p>\n<p>Por lo tanto, le rogamos <strong>NO ACUDIR al consulado<\/strong> hasta tanto no aparezca su n\u00famero de c\u00e9dula (o nombre y apellido, en el caso de menores no cedulados), en el listado publicado en nuestra p\u00e1gina web <a href=\"http:\/\/consuladobarcelona.gob.ve\/webalterna\/listado-de-prorrogas-de-pasaportes-pendientes-para-retirar-en-esta-oficina\">http:\/\/consuladobarcelona.gob.ve\/webalterna\/listado-de-prorrogas-de-pasaportes-pendientes-para-retirar-en-esta-oficina<\/a>.<\/p>\n<p>Este listado se actualiza 24 horas despu\u00e9s de haber recibido las pr\u00f3rrogas mediante valija diplom\u00e1tica en esta oficina consular.<\/p>\n<p>Este error se debe a que el sistema SAIME env\u00eda un correo autom\u00e1ticamente a los usuarios una vez que la pr\u00f3rroga es impresa, sin discriminar si fue solicitada en el territorio nacional o en el extranjero. En este \u00faltimo caso, las pr\u00f3rrogas son enviadas al Ministerio del Poder Popular para Relaciones Exteriores, el cual luego las clasifica y distribuye por valija diplom\u00e1tica a las diferentes misiones diplom\u00e1ticas nacionales alrededor del mundo.<\/p>\n<p>Le recordamos que el horario de atenci\u00f3n al p\u00fablico es lunes a viernes de 9 a 12 h.<\/p>\n<p>Ofrecemos disculpas por las molestias que esto haya podido ocasionarle, y le rogamos estar atentos al listado publicado en el enlace indicado.<\/p>\n","protected":false},"excerpt":{"rendered":"<p>Se informa a las\/los ciudadanas\/os residentes en nuestra circunscripci\u00f3n que han recibido un correo electr\u00f3nico del SAIME informando que su pr\u00f3rroga \u00abha sido recibida en oficina para su respectiva entrega\u00bb, que NO se han recibido pr\u00f3rrogas desde el mes de diciembre en esta misi\u00f3n consular. Por lo tanto, le rogamos NO ACUDIR al consulado hasta\u2026 <span class=\"read-more\"><a href=\"https:\/\/consuladobarcelona.gob.ve\/webalterna\/informacion-importante-prorrogas-de-pasaporte\/\">Leer m\u00e1s &raquo;<\/a><\/span><\/p>\n","protected":false},"author":3,"featured_media":0,"parent":0,"menu_order":0,"comment_status":"closed","ping_status":"closed","template":"","meta":{"footnotes":""},"class_list":["post-409","page","type-page","status-publish","hentry"],"_links":{"self":[{"href":"https:\/\/consuladobarcelona.gob.ve\/webalterna\/wp-json\/wp\/v2\/pages\/409","targetHints":{"allow":["GET"]}}],"collection":[{"href":"https:\/\/consuladobarcelona.gob.ve\/webalterna\/wp-json\/wp\/v2\/pages"}],"about":[{"href":"https:\/\/consuladobarcelona.gob.ve\/webalterna\/wp-json\/wp\/v2\/types\/page"}],"author":[{"embeddable":true,"href":"https:\/\/consuladobarcelona.gob.ve\/webalterna\/wp-json\/wp\/v2\/users\/3"}],"replies":[{"embeddable":true,"href":"https:\/\/consuladobarcelona.gob.ve\/webalterna\/wp-json\/wp\/v2\/comments?post=409"}],"version-history":[{"count":5,"href":"https:\/\/consuladobarcelona.gob.ve\/webalterna\/wp-json\/wp\/v2\/pages\/409\/revisions"}],"predecessor-version":[{"id":695,"href":"https:\/\/consuladobarcelona.gob.ve\/webalterna\/wp-json\/wp\/v2\/pages\/409\/revisions\/695"}],"wp:attachment":[{"href":"https:\/\/consuladobarcelona.gob.ve\/webalterna\/wp-json\/wp\/v2\/media?parent=409"}],"curies":[{"name":"wp","href":"https:\/\/api.w.org\/{rel}","templated":true}]}}